{"id":21,"date":"2016-08-15T13:54:22","date_gmt":"2016-08-15T11:54:22","guid":{"rendered":"http:\/\/solarev.org\/?page_id=21"},"modified":"2019-10-31T11:33:08","modified_gmt":"2019-10-31T10:33:08","slug":"bildungsprojekte","status":"publish","type":"page","link":"https:\/\/funky-chicken.org\/?page_id=21","title":{"rendered":"Bildungsprojekte"},"content":{"rendered":"<p>Solar e.V. bietet ein breites Spektrum an Workshops, Seminaren und Begegnungen. Wir arbeiten als Team von Politikwissenschaftlern_innen und P\u00e4dagog_innen. Unser Themenkatalog beinhaltet \u00f6kologische Fragen, Demokratie und Partizipation, Antirassismus und Antidiskriminierungsthemen auf lokaler, nationaler und internationaler Ebene. Das Ziel unserer politischen Bildungsarbeit ist das gemeinsame Lernen in interaktiver und angenehmer Atmosph\u00e4re. Daf\u00fcr nutzen wir interaktive Methoden, Spiele, Lesungen, Gruppenarbeit, Filme und Exkursionen etc.<\/p>\n<p>Eine \u00dcbersicht \u00fcber unsere bisherigen Schwerpunkte und Projekte:<\/p>\n<h2>Antirassismus und Migration<\/h2>\n<ul>\n<li><strong>Fortsetzung der <a href=\"https:\/\/solarev.org\/be-aware\/\" target=\"_blank\" rel=\"noopener noreferrer\">Fortbildungsreihe &#8222;Be aware! Empowerment in der transkulturellen Arbeit&#8220;<\/a><\/strong> (Nov. 2017 &#8211; Sept. 2018)<\/li>\n<li><strong><span style=\"color: #ff6600;\"><a href=\"https:\/\/solarev.org\/en\/blog\/2017\/09\/10\/neues-projekt-in-the-footsteps-of-a-migrant\/\">In the footsteps of a migrant<\/a><\/span><\/strong> (Strategische Partnerschaft Erasmus+)<\/li>\n<li>&#8222;<a href=\"https:\/\/solarev.org\/blog\/2016\/10\/09\/be-aware\/\">Be aware! Sensibilisierung und Empowerment in interkulturellen Begegnungen<\/a>&#8220; <strong>(Nov. 2016 \/ Jun. 2017)<\/strong>, Berliner Veranstaltungsreihe gef\u00f6rdert von der Landesstelle f\u00fcr Entwicklungszusammenarbeit Berlin und Engagement Global<\/li>\n<li>&#8222;<a href=\"https:\/\/solarev.org\/blog\/2016\/02\/19\/rassismus-entgegentreten\/\">Rassismus entgegentreten. Mit interaktiven Methoden politischer Bildungsarbeit<\/a>&#8220; <strong>(Feb. &#8211; Nov. 2016)<\/strong>, sechsteilige Veranstaltungsreihe gef\u00f6rdert durch die Landeszentrale f\u00fcr politische Bildungsarbeit Berlin<\/li>\n<li>&#8222;<a href=\"https:\/\/solarev.org\/blog\/2016\/02\/15\/internationales-training-migration-and-inclusion-chances-and-challenges-for-our-future-berlin-amsterdam\/\">Migration and Inclusion: Chances and Challenges for our Future<\/a>&#8220; <strong>(29. Apr. &#8211; 08. Mai 2016 in Berlin, 14. &#8211; 23. Okt. 2016 in Amsterdam)<\/strong>, internationales Trainingsprojekt in Berlin und Amsterdam, in Kooperation mit Stichting Diversiteitsland<\/li>\n<li>&#8222;<a href=\"https:\/\/solarev.org\/blog\/2015\/08\/20\/migration-chances-and-challenges-for-european-youth-work\/\">Dealing with Migration. Chances and Challenges for European Youth Work<\/a>&#8220; <strong>(23. Nov. &#8211; 03. Dez. 2015)<\/strong>, internationales Training in Berlin, gef\u00f6rdert von Erasmus+\/Jugend in Aktion<\/li>\n<li>&#8222;<a href=\"https:\/\/solarev.org\/blog\/2015\/08\/17\/willkommenskulturen-staerken\/\">Willkommenskultur(en) st\u00e4rken. Bausteine zur St\u00e4rkung des Engagements in der Fl\u00fcchtlingshilfe<\/a>&#8220; <strong>(Sept. &#8211; Nov. 2015)<\/strong>, Berliner Veranstaltungsreihe f\u00fcr Multiplikator_innen in der Jugend- und Erwachsenenbildung sowie f\u00fcr Aktive in der Fl\u00fcchtlingsarbeit, gef\u00f6rdert durch die Landeszentrale f\u00fcr politische Bildungsarbeit Berlin<\/li>\n<li>&#8222;<a href=\"https:\/\/solarev.org\/blog\/2014\/02\/05\/training-intercultural-learning\/\">Intercultural Learning<\/a>. Seminar for Intercultural Communication and Competence on Conflict Resolution&#8220; <strong>(08. &#8211; 15. Feb. 2014)<\/strong>, internationales Training<\/li>\n<li>&#8222;<a href=\"https:\/\/solarev.org\/blog\/2013\/04\/23\/training-antiracist-education\/\">Methoden antirassistischer Bildungsarbeit<\/a>\u201c <strong>(09. &#8211; 20. Apr. 2013)<\/strong>, internationales Training<\/li>\n<li>&#8222;<a href=\"https:\/\/solarev.org\/blog\/2012\/03\/31\/migration-a-european-challenge\/\">Migration \u2013 A European Challenge<\/a>\u201c <strong>(08. &#8211; 17. M\u00e4rz 2013)<\/strong>, internationales Training<\/li>\n<\/ul>\n<h2>Erinnerungskultur(en)<\/h2>\n<ul>\n<li>&#8222;<a href=\"https:\/\/solarev.org\/blog\/2015\/12\/17\/internationales-training-tear-down-these-walls-educational-approaches-against-europes-past-and-present-division-berlin-bukarest\/\">Tear down these Walls! Educational Appoaches against Europe&#8217;s Past &amp; Present Division<\/a>\u201c <strong>(04. &#8211; 12. M\u00e4rz 2016 in Berlin, 05. &#8211; 12. Sept. 2016 in Bukarest)<\/strong>, internationales Trainingsprojekt, in Kooperation mit Asociatia Expeditie in Cultura<\/li>\n<li>&#8222;<a href=\"https:\/\/solarev.org\/blog\/2014\/11\/25\/internationales-training-remembrance-of-the-european-east-west-conflict-pedagogical-approaches-for-dealing-with-the-history-and-its-current-consequences\/\">Remembrance of the European East-West conflict. Pedagogical Approaches for dealing with the history and it&#8217;s current consequences<\/a>\u201c <strong>(07. &#8211; 14. Nov. 2014)<\/strong>, internationales Training<\/li>\n<li>&#8222;<a href=\"https:\/\/solarev.org\/blog\/2013\/11\/26\/internationales-training-cultural-diversities-of-remembrance-pedagogical-approaches-to-deal-with-the-east-west-conflict\/\">Cultural Diversities of Remembrance. Pedagogical Approaches to Deal with the East-West Conflict<\/a>\u201c <strong>(16. &#8211; 23. Nov. 2013)<\/strong>, internationales Training<\/li>\n<\/ul>\n<h2>Umwelt, Ern\u00e4hrung und Nachhaltigkeit<\/h2>\n<ul>\n<li>&#8222;<a href=\"https:\/\/solarev.org\/blog\/2017\/07\/06\/prima-klima-in-weissensee-projektstart-1-8-2017\/\" target=\"_blank\" rel=\"noopener noreferrer\">PrimaKlima Wei\u00dfensee<\/a>&#8220; &#8211; Klimaschutz im Kiez, gef\u00f6rdert vom BMUB <strong>(01. Aug. 2017 &#8211; 31. Juli 2019)<\/strong><\/li>\n<li>&#8222;<a href=\"https:\/\/solarev.org\/blog\/2013\/06\/15\/internationales-training-climate-change-and-political-education\/\">Climate Change and Political Education<\/a>\u201c <strong>(29. Jun. &#8211; 10. Jul. 2013)<\/strong>, internationales Training, gef\u00f6rdert durch das Erasmus+ Programm &#8218;Jugend in Aktion&#8216;<\/li>\n<li>&#8222;<a href=\"https:\/\/solarev.org\/blog\/2012\/05\/23\/sustainable-food\/\">Maintaining our health through sustaistainable food system<\/a>&#8220; <strong>(21. &#8211; 29. Apr. 2012)<\/strong>, internationales Training, gef\u00f6rdert durch das Grundtvig-Programm der Europ\u00e4ischen Union<\/li>\n<\/ul>\n<h2>Weitere Themen und Veranstaltungen<\/h2>\n<ul>\n<li>internationale Fortbildung <a href=\"https:\/\/solarev.org\/blog\/2016\/05\/26\/training-including-evereyone\/\">&#8222;Including everyone &#8211; creative and participatory method-training for the work with different age-groups&#8220;<\/a> <strong>(07. &#8211; 12. Nov. 2016)<\/strong><\/li>\n<li>Fortbildungen zum Thema <a href=\"https:\/\/solarev.org\/blog\/2014\/07\/05\/fortbildungen-erasmus-plus-fundraising\/\">Erasmus+ Fundraising<\/a> <strong>(2013, 2014)<\/strong><\/li>\n<li>&#8222;<a href=\"https:\/\/solarev.org\/blog\/2014\/03\/20\/internationales-training-together-against-homophobia-and-sexism-in-europe\/\">Together against Homophobia and Sexism in Europe<\/a>&#8220; <strong>(22. &#8211; 30. M\u00e4rz 2014)<\/strong>, internationales Training<\/li>\n<li>&#8222;<a href=\"https:\/\/solarev.org\/blog\/2013\/03\/10\/demokratie-emanzipation\/\">Demokratie &#8211; Recht &#8211; Emanzipation?<\/a>&#8220; <strong>(30. M\u00e4rz &#8211; 07. Apr. 2013)<\/strong>, internationale Seminarwoche<\/li>\n<li>&#8222;<a href=\"https:\/\/solarev.org\/blog\/2012\/09\/22\/workshop-jewish-life-in-berlin\/\">Jewish Life in Berlin<\/a>\u201c <strong>(22. &#8211; 30. Sept. 2012)<\/strong>, internationaler Workshop<\/li>\n<li>&#8222;<a href=\"https:\/\/solarev.org\/blog\/2011\/10\/15\/generation-precarious\/\">Generation Precarious<\/a>&#8220; <strong>(10. &#8211; 18. Sept. 2011)<\/strong>, transnationales Jugendbegegnungsseminar<\/li>\n<\/ul>\n","protected":false},"excerpt":{"rendered":"<p>Solar e.V. bietet ein breites Spektrum an Workshops, Seminaren und Begegnungen. Unser Themenkatalog beinhaltet \u00f6kologische Fragen, Demokratie und Partizipation, Antirassismus und Antidiskriminierungsthemen auf lokaler, nationaler und internationaler Ebene. Das Ziel unserer politischen Bildungsarbeit ist das gemeinsame Lernen in interaktiver und angenehmer Atmosph\u00e4re.<a class=\"more-link\" href=\"https:\/\/funky-chicken.org\/?page_id=21\">Weiterlesen<\/a><\/p>\n","protected":false},"author":2,"featured_media":0,"parent":0,"menu_order":0,"comment_status":"closed","ping_status":"closed","template":"","meta":{"footnotes":""},"class_list":["entry","page","publish","author-solarev","has-excerpt","post-21"],"aioseo_notices":[],"_links":{"self":[{"href":"https:\/\/funky-chicken.org\/index.php?rest_route=\/wp\/v2\/pages\/21","targetHints":{"allow":["GET"]}}],"collection":[{"href":"https:\/\/funky-chicken.org\/index.php?rest_route=\/wp\/v2\/pages"}],"about":[{"href":"https:\/\/funky-chicken.org\/index.php?rest_route=\/wp\/v2\/types\/page"}],"author":[{"embeddable":true,"href":"https:\/\/funky-chicken.org\/index.php?rest_route=\/wp\/v2\/users\/2"}],"replies":[{"embeddable":true,"href":"https:\/\/funky-chicken.org\/index.php?rest_route=%2Fwp%2Fv2%2Fcomments&post=21"}],"version-history":[{"count":32,"href":"https:\/\/funky-chicken.org\/index.php?rest_route=\/wp\/v2\/pages\/21\/revisions"}],"predecessor-version":[{"id":1334,"href":"https:\/\/funky-chicken.org\/index.php?rest_route=\/wp\/v2\/pages\/21\/revisions\/1334"}],"wp:attachment":[{"href":"https:\/\/funky-chicken.org\/index.php?rest_route=%2Fwp%2Fv2%2Fmedia&parent=21"}],"curies":[{"name":"wp","href":"https:\/\/api.w.org\/{rel}","templated":true}]}}