{"id":13,"date":"2016-08-15T13:46:08","date_gmt":"2016-08-15T11:46:08","guid":{"rendered":"http:\/\/solarev.org\/?page_id=13"},"modified":"2017-10-20T11:57:12","modified_gmt":"2017-10-20T09:57:12","slug":"veranstaltungen","status":"publish","type":"page","link":"https:\/\/funky-chicken.org\/?page_id=13","title":{"rendered":"Aktuelle Veranstaltungen"},"content":{"rendered":"<p>Hier finden Sie eine \u00dcbersicht \u00fcber die kommenden Veranstaltungen &#8211; durchgef\u00fchrt von uns und unserem Kooperationspartner <a href=\"https:\/\/obuk-ev.org\/\" target=\"_blank\"><strong>OBUK e.V.<\/strong><\/a> F\u00fcr die Inhalte der OBUK-Veranstaltungen ist OBUK e.V. selbst verantwortlich.<\/p>\n","protected":false},"excerpt":{"rendered":"<p>Eine \u00dcbersicht \u00fcber alle kommenden Seminare, Fortbildungen und internationalen Trainings &#8211; veranstaltet von solar e.V. und unserem Kooperationspartner OBUK e.V.<a class=\"more-link\" href=\"https:\/\/funky-chicken.org\/?page_id=13\">Weiterlesen<\/a><\/p>\n","protected":false},"author":2,"featured_media":0,"parent":0,"menu_order":0,"comment_status":"closed","ping_status":"closed","template":"","meta":{"footnotes":""},"class_list":["entry","page","publish","author-solarev","has-excerpt","post-13"],"aioseo_notices":[],"_links":{"self":[{"href":"https:\/\/funky-chicken.org\/index.php?rest_route=\/wp\/v2\/pages\/13","targetHints":{"allow":["GET"]}}],"collection":[{"href":"https:\/\/funky-chicken.org\/index.php?rest_route=\/wp\/v2\/pages"}],"about":[{"href":"https:\/\/funky-chicken.org\/index.php?rest_route=\/wp\/v2\/types\/page"}],"author":[{"embeddable":true,"href":"https:\/\/funky-chicken.org\/index.php?rest_route=\/wp\/v2\/users\/2"}],"replies":[{"embeddable":true,"href":"https:\/\/funky-chicken.org\/index.php?rest_route=%2Fwp%2Fv2%2Fcomments&post=13"}],"version-history":[{"count":9,"href":"https:\/\/funky-chicken.org\/index.php?rest_route=\/wp\/v2\/pages\/13\/revisions"}],"predecessor-version":[{"id":884,"href":"https:\/\/funky-chicken.org\/index.php?rest_route=\/wp\/v2\/pages\/13\/revisions\/884"}],"wp:attachment":[{"href":"https:\/\/funky-chicken.org\/index.php?rest_route=%2Fwp%2Fv2%2Fmedia&parent=13"}],"curies":[{"name":"wp","href":"https:\/\/api.w.org\/{rel}","templated":true}]}}