{"id":1060,"date":"2018-03-25T09:07:55","date_gmt":"2018-03-25T07:07:55","guid":{"rendered":"https:\/\/solarev.org\/?page_id=1060"},"modified":"2021-06-10T16:10:29","modified_gmt":"2021-06-10T14:10:29","slug":"team","status":"publish","type":"page","link":"https:\/\/funky-chicken.org\/?page_id=1060","title":{"rendered":"Bildungs-Team"},"content":{"rendered":"<p><strong>Adam <\/strong>(39) ist nebenberufliches Mitglied von Solar e.V. Er arbeitet seit 2015 als politischer und erm\u00e4chtigender Erzieher. Mit seiner eigenen Migrationserfahrung und als Aktivist f\u00fcr die Rechte von Migranten interessiert er sich besonders f\u00fcr den Entwicklungsprozess dieses neuen Bildungsinstruments. Neben der Arbeit in diesem Projekt arbeitet er nebenberuflich f\u00fcr die Organisation Glokal im Projekt \u201cOhne Bevormundung\u201d.<\/p>\n<p><strong>B\u00e9la <\/strong>(40) geh\u00f6rt zu den Gr\u00fcndungsmitgliedern des Kollektivs. Er hat Politikwissenschaften in Rostock und Potsdam\/Berlin studiert und w\u00e4hrend des Studiums mit antirassistischer Bildungsarbeit an Schulen im l\u00e4ndlichen Mecklenburg-Vorpommern angefangen. In der politischen Bildungsarbeit gilt sein Hauptinteresse dem (Weiter-)Entwickeln von Methoden des nicht-formalen Lernens und dem Einsatz intersektionaler Bildungsans\u00e4tze, die die \u00dcberschneidung verschiedener Diskriminierungsformen in den Blick nehmen. Daneben besch\u00e4ftigt er sich mit Reproduktion von Machtverh\u00e4ltnissen in der Fotografie und Diversity sensibler Erziehung von Kindern.<\/p>\n<p><strong>Jens Herrmann<\/strong> (48) arbeitet seit 2011 im Kollektiv f\u00fcr politische Bildungsarbeit bei solar e.V. Er hat in G\u00f6ttingen und Berlin Politikwissenschaft studiert und als Journalist sowie in der entwicklungspolitischen und globalisierungskritischen Bildung gearbeitet. Seine aktuellen Arbeitsschwerpunkte im Kollektiv sind entwicklungspolitische, antirassistische und \u00f6kologische Themen. Daneben besch\u00e4ftigt er sich mit solidarischen Lebens- und Arbeitsformen und war \u00fcber viele Jahre in Hausprojekten und K\u00e4mpfen um die Schaffung und den Erhalt von Freir\u00e4umen in der Stadt aktiv. Seit 2004 hat er sich am Aufbau des Kultur- und Bildungszentrums Raoul Wallenberg beteiligt.<\/p>\n<p><strong>Tanja <\/strong>(42) hat in Hamburg Diplomp\u00e4dagogik studiert und ist danach (2009) nach Berlin gezogen. Schon seit vielen Jahren ist sie in politischer Bildungsarbeit mit Jugendlichen und Erwachsenen t\u00e4tig. Tanjas Themenschwerpunkte sind Antirassismus, Umweltschutz und Feminismus\/Antisexismus. Sie verwendet gerne interaktive Methoden, um Diskussions- und Lernprozesse in Gruppen anzuregen. Auch auf theaterp\u00e4dagogische \u00dcbungen greift sie oft zur\u00fcck. U.a. f\u00fcr die folgenden Tr\u00e4ger hat sie in der Vergangenheit (vor ihrer Arbeit bei solar e.V.) gearbeitet: AGfJ (Arbeitsgemeinschaft freier Jugendverb\u00e4nde in Hamburg); Cultures Interactive (polit. Bildungsarbeit an Schulen); EPIZ (Workshops zu globalem Lernen u.a. in Berufsschulen); B\u00fcrgermeister Herz Grundschule (Anleitung einer Kinder-Theatergruppe).<br \/>\nZuletzt koordinierte sie im Rahmen von solar e.V. das Klimaschutz Projekt \u201ePrima Klima in Wei\u00dfensee\u201c. Derzeit ist sie als freelancer f\u00fcr solar e.V. aktiv.<\/p>\n<p>Daniela <strong>(26)<\/strong> ist aus Kolumbien. Sie hat einen Bachelor in Politikwissenschaft und absolvierte von August 2018 bis September 2019 einen Freiwilligendienst bei Solar e.V. in Berlin. Sie arbeitete an verschiedenen Projekten, wobei das Simulationsspiel die meiste Zeit davon in Anspruch nimmt. Als Teil des Solar-Teams f\u00fchrte sie Interviews, stellt Nachforschungen an und \u00fcbernimmt weitere Aufgaben zur erfolgreichen Entwicklung des Spiels. Derzeit arbeitet Sie als Freelancer im Team und absolviert ein Master-Studium.<\/p>\n","protected":false},"excerpt":{"rendered":"<p>Adam (39) ist nebenberufliches Mitglied von Solar e.V. Er arbeitet seit 2015 als politischer und erm\u00e4chtigender Erzieher. Mit seiner eigenen Migrationserfahrung und als Aktivist f\u00fcr die Rechte von Migranten interessiert er sich besonders f\u00fcr den Entwicklungsprozess dieses neuen Bildungsinstruments. Neben der Arbeit in diesem Projekt arbeitet er nebenberuflich f\u00fcr die Organisation Glokal im Projekt \u201cOhne Bevormundung\u201d. B\u00e9la (40) geh\u00f6rt zu den Gr\u00fcndungsmitgliedern des Kollektivs. Er hat Politikwissenschaften in Rostock und Potsdam\/Berlin studiert und w\u00e4hrend des Studiums mit antirassistischer Bildungsarbeit an Schulen im l\u00e4ndlichen Mecklenburg-Vorpommern angefangen. In der politischen Bildungsarbeit gilt sein Hauptinteresse dem (Weiter-)Entwickeln von Methoden des nicht-formalen Lernens und dem Einsatz intersektionaler Bildungsans\u00e4tze, die<a class=\"more-link\" href=\"https:\/\/funky-chicken.org\/?page_id=1060\">Weiterlesen<\/a><\/p>\n","protected":false},"author":2,"featured_media":0,"parent":16,"menu_order":0,"comment_status":"closed","ping_status":"closed","template":"","meta":{"footnotes":""},"class_list":["entry","page","publish","author-solarev","post-1060"],"aioseo_notices":[],"_links":{"self":[{"href":"https:\/\/funky-chicken.org\/index.php?rest_route=\/wp\/v2\/pages\/1060","targetHints":{"allow":["GET"]}}],"collection":[{"href":"https:\/\/funky-chicken.org\/index.php?rest_route=\/wp\/v2\/pages"}],"about":[{"href":"https:\/\/funky-chicken.org\/index.php?rest_route=\/wp\/v2\/types\/page"}],"author":[{"embeddable":true,"href":"https:\/\/funky-chicken.org\/index.php?rest_route=\/wp\/v2\/users\/2"}],"replies":[{"embeddable":true,"href":"https:\/\/funky-chicken.org\/index.php?rest_route=%2Fwp%2Fv2%2Fcomments&post=1060"}],"version-history":[{"count":6,"href":"https:\/\/funky-chicken.org\/index.php?rest_route=\/wp\/v2\/pages\/1060\/revisions"}],"predecessor-version":[{"id":1451,"href":"https:\/\/funky-chicken.org\/index.php?rest_route=\/wp\/v2\/pages\/1060\/revisions\/1451"}],"up":[{"embeddable":true,"href":"https:\/\/funky-chicken.org\/index.php?rest_route=\/wp\/v2\/pages\/16"}],"wp:attachment":[{"href":"https:\/\/funky-chicken.org\/index.php?rest_route=%2Fwp%2Fv2%2Fmedia&parent=1060"}],"curies":[{"name":"wp","href":"https:\/\/api.w.org\/{rel}","templated":true}]}}